{"id":863,"date":"2025-07-21T06:36:52","date_gmt":"2025-07-21T03:36:52","guid":{"rendered":"https:\/\/euslot.com\/startseite\/"},"modified":"2025-07-21T06:36:52","modified_gmt":"2025-07-21T03:36:52","slug":"startseite","status":"publish","type":"page","link":"https:\/\/euslot.com\/de\/startseite\/","title":{"rendered":"Startseite"},"content":{"rendered":"<h2>Euslot \u2013 ein Ort f\u00fcr angesagte Casinos, tolle Boni und die besten Casinospiele<\/h2>\n<p>Wenn du die besten Online-Slot-Spiele ernsthaft erkunden m\u00f6chtest, raten wir dir dringend, auf das zu achten, was echte Spieler sagen. Wir besch\u00e4ftigen uns schon seit geraumer Zeit leidenschaftlich mit diesem Thema, und angesichts des heutigen iGaming-Marktes haben wir uns den Reihen der modernen Casino-Berater angeschlossen, um Spielern, die ein faires Spiel suchen, einen Mehrwert zu bieten. <\/p>\n<p>Da wir selbst Casinospieler sind, verstehen wir die im Markt verbreiteten Tricks und wie sie Spieler weltweit beeinflussen. Angesichts der vielen Projekte, die es in der Szene gibt, ist es zun\u00e4chst entscheidend, sich ein vollst\u00e4ndiges Bild des Projekts zu machen, bevor man direkt einsteigt. Ber\u00fccksichtige diese Punkte:  <\/p>\n<ul>\n<li>Ist dieses Casino reguliert?<\/li>\n<li>Ist es eine neue Seite oder ein bereits etabliertes Projekt?<\/li>\n<li>Sind Tools f\u00fcr verantwortungsbewusstes Spielen verf\u00fcgbar?<\/li>\n<li>Gibt es <a href=\"https:\/\/euslot.com\/slots\/\">Slots mit hohem RTP<\/a> auf der Seite?<\/li>\n<\/ul>\n<p>Nehmen wir an, du f\u00e4ngst gerade erst an \u2013 was w\u00e4ren deiner Meinung nach die wichtigsten Punkte? Nun, es ist vorzuziehen, zumindest eine Vorstellung davon zu bekommen, ob es sich um ein etabliertes Projekt handelt oder ob sie gerade erst anfangen. Zweitens, pr\u00fcfe, ob der Spielanbieter Lizenzen besitzt. Diese k\u00f6nnen leicht auf der offiziellen Seite jedes Lizenzgebers \u00fcberpr\u00fcft werden. Lass uns jeden Punkt n\u00e4her erl\u00e4utern.    <\/p>\n<h3>Neue Online-Casinos<\/h3>\n<p>Der offensichtliche Nachteil solcher Projekte ist, dass sie noch nicht von der Zeit getestet wurden. Oftmals haben zwielichtige Seiten keine popul\u00e4ren Anbieter in ihrer Slot-Auswahl. Man sollte immer Anbieter wie Pragmatic, NetEnt, Spinomenal und Yggdrasil finden k\u00f6nnen. Diese h\u00e4ngen stark von der Region ab, aus der du spielst.   <\/p>\n<p>Andererseits sind viele der Online-Slot-Seiten vertrauensw\u00fcrdig, insbesondere jene, die unter renommierten Online-Marken gegr\u00fcndet wurden. Diese Marken ver\u00f6ffentlichen oft verschiedene Projekte, um das Auge eines Spielers zu erfreuen und eine leicht abgewandelte Form dessen anzubieten, was sie bereits geschaffen haben, indem sie die bestehenden Vorteile mit einem anderen visuellen Ansatz kombinieren. <\/p>\n<h3>Etablierte Casino-Seiten<\/h3>\n<p>Diese Online-Seiten gibt es schon lange und sie haben bereits in den Kreisen der Old-School-Gl\u00fccksspielfan-Gemeinschaften f\u00fcr Furore gesorgt. Warum lieben die Leute sie? Nun, es ist eine Mischung aus Erfahrung und Gl\u00fcck.  <\/p>\n<p>Keine einzige Spielseite hat es allein durch das Anbieten gro\u00dfartiger Vorteile f\u00fcr die Spieler geschafft. Diese Projekte waren auch zur richtigen Zeit am richtigen Ort und boten etwas an, was ihre Konkurrenten zu dieser Zeit nicht anboten, oder mit Hilfe einer Marketingkampagne. <\/p>\n<p>Unter unserer Liste der <a href=\"https:\/\/euslot.com\/casinos\/\">besten Online-Casinos zum Spielen<\/a> kann ein aufmerksames Auge eine Mischung aus erfahrenen und neuen Seiten erkennen \u2013 indem wir beide Typen einbeziehen, stellen wir sicher, dass kein anst\u00e4ndiges Projekt mit all seinen spielerfreundlichen Belohnungssystemen zur\u00fcckbleibt.<\/p>\n<h3>Casino-Lizenzierung<\/h3>\n<p>Diese Institutionen sind f\u00fcr die Regulierung des Spielprozesses und die Gew\u00e4hrleistung von Sicherheit, AML-Sicherheit (Anti-Geldw\u00e4sche) und Fairness beim Bonusspiel verantwortlich. Dies tun sie, indem sie jeden m\u00f6glichen Vorfall gr\u00fcndlich untersuchen und l\u00f6sen. In gewisser Weise fungieren diese Institutionen als Gro\u00dfe Jury des Projekts.  <\/p>\n<p>Diese Lizenzinstitutionen existieren in verschiedenen geografischen Bereichen, daher ist es unserer Meinung nach wichtig, zuerst die popul\u00e4rste Regulierungsbeh\u00f6rde in deiner Region zu untersuchen. Sie sollte keine Informationen verschleiern und v\u00f6llig offen \u00fcber ihre Lizenznummern und die von ihr regulierten Projekte sein. <\/p>\n<p>Einige g\u00e4ngige Lizenzen sind Curacao und Malta \u2013 dies sind die gro\u00dfen Institutionen hinter deinen Lieblings-Casinomarken. Denke daran, dass sie in verschiedenen Regionen der Welt t\u00e4tig sind und alle ihre Eigenheiten und guten Seiten haben! <\/p>\n<h3>Tools f\u00fcr verantwortungsbewusstes Spielen<\/h3>\n<p>Es ist ein No-Go f\u00fcr eine seri\u00f6se Seite, verantwortungsbewusstes Spielen nicht zu f\u00f6rdern. Indem sie die wichtigsten Organisationen aufzeigen, an die man sich bei starkem Spielverlangen wenden kann. Solche Casinos haben Einzahlungs- und Transaktionslimits, die Spielern helfen, ihr Spielbudget im Voraus zu planen.  <\/p>\n<h3>Wie w\u00e4hlen wir unsere besten Slots aus?<\/h3>\n<p>Als Casinospieler ist es unsere oberste Priorit\u00e4t, denjenigen einen Mehrwert zu bieten, die nach frischen Slots suchen, um ihr Echtgeldspiel zu beginnen. Zuerst m\u00f6chtest du vielleicht einige kostenlose Spiele (im Demo-Modus) ausprobieren \u2013 dies wird dir die Regeln und die Dinge beibringen, denen du bei anderen Titeln begegnen wirst, wie z. B. Auszahlung pro Reihe, Freispiele und Volatilit\u00e4t. <\/p>\n<p>Bei Euslot arbeiten wir mit vielen hoch angesehenen Marken wie Pragmatic Play, Microgaming und NetEnt zusammen. Dadurch stellen wir sicher, dass unsere Slot-Listen regelm\u00e4\u00dfig mit den neuesten Ver\u00f6ffentlichungen aktualisiert werden! <\/p>\n<p>In den n\u00e4chsten Abschnitten werden wir uns einige wichtige Begriffe ansehen, die du bei der Auswahl deines ersten Spiels beachten solltest. Beachte, dass dies nur Vorschl\u00e4ge sind und wir dich nicht unter Druck setzen \u2013 wir liefern lediglich einige starke Begr\u00fcndungen f\u00fcr die Befolgung dieser Muster! <\/p>\n<h4>Spielvolatilit\u00e4t<\/h4>\n<p>Das ist etwas, das man im Hinterkopf behalten sollte, egal ob man gerade erst anf\u00e4ngt oder bereits ein Meister der Slot-Welt ist! Volatilit\u00e4t bedeutet, einfach ausgedr\u00fcckt, wie oft du bei einem Spielautomaten Gewinne erzielst. Nur funktioniert es umgekehrt \u2013 hohe Volatilit\u00e4t bedeutet, dass du im Durchschnitt seltener gewinnst, und niedrige ist umgekehrt.  <\/p>\n<p>Das bedeutet nicht, dass ein Spiel allein aufgrund dieses Parameters gut oder schlecht ist \u2013 denke daran, dass die Auszahlung \u00fcber die Zeit bei vielen Spieltypen unterschiedlich sein kann. Aus diesem Grund raten wir davon ab, deine Spielauswahlentscheidungen allein auf diesen Faktor zu st\u00fctzen. <\/p>\n<h4>RTP bei Online-Slots<\/h4>\n<p>RTP (Return To Player) ist ein Ma\u00df f\u00fcr die durchschnittliche Auszahlung eines Spiels \u00fcber die Zeit. Angenommen, der RTP des Spiels betr\u00e4gt 98 % \u2013 das bedeutet, dass es dir im Laufe der Zeit f\u00fcr jede 100 Euro, die du investierst, 98 Euro zur\u00fcckzahlt. Dies ber\u00fccksichtigt nicht, dass dieser Betrag \u00fcber k\u00fcrzere Zeitr\u00e4ume stark variieren kann.  <\/p>\n<p>In unserer Auswahl treffen wir nur die Spiele mit dem h\u00f6chsten RTP auf dem Markt. Das bedeutet, dass die Bedingungen der Spiele maximiert sind, um den Spieler und nicht das Casino zu bevorzugen. Es ist ein einfacher Schritt \u2013 da wir selbst Slot-Enthusiasten sind, m\u00f6chten wir dir einen Mehrwert bieten!  <\/p>\n<h3>Welche Spiele soll ich spielen?<\/h3>\n<p>Gute alte beliebte Spiele sind ein gro\u00dfartiger Ausgangspunkt. Du lernst nicht nur die Grundlagen und bekommst eine Vorstellung von den Regeln \u2013 eine wertvolle Erfahrung, besonders wenn du herausfindest, wie die Bonusstruktur funktioniert, und der angebotene Jackpot-Betrag k\u00f6nnte die Spannung durchaus erh\u00f6hen! <\/p>\n<p>Bei jedem Slot-Spiel kann ein Spieler normalerweise w\u00e4hlen, wie viele Linien er spielen m\u00f6chte. Je h\u00f6her die Linienanzahl, desto wahrscheinlicher ist ein Gewinn. Dies erh\u00f6ht jedoch auch den Preis pro Spin, da die Auszahlung normalerweise pro Linie erfolgt. Achte bei der Auswahl eines angesagten Casinospiels auf diese Punkte:   <\/p>\n<ul>\n<li><strong>Vorhandensein von Bonusrunden:<\/strong> Ber\u00fccksichtige dies, da es die Gewinnchancen erh\u00f6hen kann.<\/li>\n<li><strong>Freispiele:<\/strong> Bietet das Spiel Freispiele an?<\/li>\n<li><strong>Jackpot-Titel:<\/strong> K\u00f6nnte die Varianz erh\u00f6hen, aber immer noch unser pers\u00f6nlicher Favorit.<\/li>\n<\/ul>\n<h4>Bonusrunden<\/h4>\n<p>Dies sind zus\u00e4tzliche Spiele, die einem Spieler gew\u00e4hrt werden, nachdem eine oder mehrere erwartete Bedingungen erf\u00fcllt wurden! Diese Bedingungen k\u00f6nnen das Erscheinen eines bestimmten Symbols oder dessen Kombination, das Sammeln einer bestimmten Punktzahl oder jeder andere im \u201eInfo\u201c-Bereich festgelegte Faktor sein! <\/p>\n<p>Du wirst vielleicht feststellen, dass einige Spiele dem Spieler mehr davon gew\u00e4hren, w\u00e4hrend andere nur mit viel Gl\u00fcck zu entdecken sind. Dieser Faktor h\u00e4ngt davon ab, wie vielseitig die Spieler ihre Spiele haben m\u00f6chten. Zum Beispiel w\u00fcrden diejenigen, die die Menge der Preise genie\u00dfen, Big Bass Bonanza m\u00f6gen, w\u00e4hrend diejenigen, die die gro\u00dfen Auszahlungen lieben, Dead or Alive bevorzugen w\u00fcrden.  <\/p>\n<h4>Freispiele<\/h4>\n<p>Wenn du schon l\u00e4nger Slots spielst, genie\u00dft du definitiv deine Freispiel-Drops! Diese sind immer eine nette Erg\u00e4nzung zum bereits erzielten Gewinn, und das Tolle ist, sie sind kostenlos! Wir bef\u00fcrworten nachdr\u00fccklich das Spielen dieser Art von Spielen, da sie deine Gewinnrate erh\u00f6hen k\u00f6nnen.  <\/p>\n<p>Spiele wie Razor Shark haben dies zu einem ihrer St\u00e4rken gemacht, da die Spins jederzeit erscheinen k\u00f6nnen, wenn das Spiel es entscheidet. Das Gute ist, du musst daf\u00fcr nichts bezahlen! Was ich bei diesem Spiel mache, ist, so lange zu spielen, bis ich mindestens 10-20 Freispiele gesammelt habe, und dann genie\u00dfe ich meine kostenlosen Runden.  <\/p>\n<p>Einige Spiele erlauben es dir, Spins f\u00fcr Bargeld zu kaufen. Zum Beispiel bei einem Spiel wie Fire in the Hole xBomb \u2013 obwohl die Spins immer noch \u201ekostenlos\u201c genannt werden, kann man sie nur im Spiel kaufen und bekommt nie einen kostenlosen Drop. Das Gute ist, diese werden teurer sein als deine regul\u00e4ren Freispiele, was potenziell h\u00f6here Gewinne landen k\u00f6nnte.  <\/p>\n<h4>Jackpot-Titel<\/h4>\n<p>Diese Spiele sind heutzutage mit dem Aufkommen von Titeln mit hoher Volatilit\u00e4t weit verbreitet. Auch wenn sie kurzfristig nicht die gleiche Rendite haben, k\u00f6nnten sich einige Investitionen auf lange Sicht massiv auszahlen! <\/p>\n<p>Unter den Jackpot-Spielen, die wir lieben, hat der Titel Mega Moolah von Microgaming eine beeindruckende Arbeit geleistet, indem er viele Funktionen zeigte, die wir an diesem speziellen Spielstil lieben. Dinge wie progressive Jackpots und Jackpot-R\u00e4der versuchen, die hohe Volatilit\u00e4t auszugleichen. <\/p>\n<p>Spiele mit geteilten Jackpots werden besonders Spielern empfohlen, die gerade erst ihre Slot-Reise beginnen. Durch die Aufteilung des Hauptjackpots in separate Teile, wie Mini-, Major- und Mega-Jackpots, schafft der Anbieter gro\u00dfartige Bedingungen f\u00fcr jede Art von Slot-Profi. <\/p>\n<h3>H\u00e4ufig gestellte Fragen<\/h3>\n<h4>Wie w\u00e4hlt Euslot die besten Boni und Angebote aus?<\/h4>\n<p>Wir tun dies, indem wir alle verf\u00fcgbaren Aktionen auf dem Markt gr\u00fcndlich pr\u00fcfen und \u00fcberwachen. Unser Analystenteam trifft Entscheidungen basierend auf Faktoren wie den Allgemeinen Gesch\u00e4ftsbedingungen der Aktion, der Bonusgr\u00f6\u00dfe und den Umsatzbedingungen.<\/p>\n<h4>Warum w\u00e4hlt ihr diese Casino-Seiten aus?<\/h4>\n<p>Unsere Erfahrung mit Casino-Seiten hat gezeigt, dass lizenzierte Seiten, die gro\u00dfartige Aktionen und Komfort f\u00fcr den Spieler bieten, diejenigen sind, die beworben werden sollten! Das ist ein einfaches Prinzip, das wir nicht verletzen!<\/p>\n<h4>Mit welchen Spielen sollte ich anfangen?<\/h4>\n<p>Wenn du gerade erst anf\u00e4ngst, w\u00e4ren klassische Casinospiele ein gro\u00dfartiger Ausgangspunkt. Indem du etwas wie Starburst spielst, lernst du schnell die Regeln und bekommst ein Gef\u00fchl daf\u00fcr, wie diese Spiele funktionieren!<\/p>\n<h4>Was sind Bonusrunden bei Slot-Spielen?<\/h4>\n<p>Dies sind besondere Vorteile, die du zuf\u00e4llig oder nach vorher festgelegten Kriterien erh\u00e4ltst. Bedenke, dass viele Slot-Anbieter diese in ihre Struktur eingebettet haben, um die Spieler zu belohnen und den Adrenalinkick aufrechtzuerhalten!<\/p>\n<h4>Sollte ich nach einem lizenzierten Casino suchen?<\/h4>\n<p>Es ist vorzuziehen \u2013 die regulierten Casinos verf\u00fcgen \u00fcber viele Sicherheitsfunktionen, was bedeutet, dass deine Daten gesch\u00fctzt sind und das Gameplay von einer Regulierungsbeh\u00f6rde \u00fcberwacht wird, die au\u00dferhalb des Geltungsbereichs des Online-Casinos selbst liegt.<\/p>\n","protected":false},"excerpt":{"rendered":"<p>Euslot \u2013 ein Ort f\u00fcr angesagte Casinos, tolle Boni und die besten Casinospiele Wenn du die besten Online-Slot-Spiele ernsthaft erkunden m\u00f6chtest, raten wir dir dringend, auf das zu achten, was echte Spieler sagen. Wir besch\u00e4ftigen uns schon seit geraumer Zeit leidenschaftlich mit diesem Thema, und angesichts des heutigen iGaming-Marktes haben wir uns den Reihen der modernen Casino-Berater angeschlossen, um Spielern, die ein faires Spiel suchen, einen Mehrwert zu bieten. Da wir selbst Casinospieler sind, verstehen wir die im Markt verbreiteten Tricks und wie sie Spieler weltweit beeinflussen. Angesichts der vielen Projekte, die es in der Szene gibt, ist es zun\u00e4chst entscheidend, sich ein vollst\u00e4ndiges Bild des Projekts zu machen, bevor man direkt einsteigt. Ber\u00fccksichtige diese Punkte: Ist dieses Casino reguliert? Ist es eine neue Seite oder ein bereits etabliertes Projekt? Sind Tools f\u00fcr verantwortungsbewusstes Spielen verf\u00fcgbar? Gibt es Slots mit hohem RTP auf der Seite? Nehmen wir an, du f\u00e4ngst gerade erst an \u2013 was w\u00e4ren deiner Meinung nach die wichtigsten Punkte? Nun, es ist vorzuziehen, zumindest eine Vorstellung davon zu bekommen, ob es sich um ein etabliertes Projekt handelt oder ob sie gerade erst anfangen. Zweitens, pr\u00fcfe, ob der Spielanbieter Lizenzen besitzt. Diese k\u00f6nnen leicht auf der offiziellen Seite jedes Lizenzgebers \u00fcberpr\u00fcft werden. Lass uns jeden Punkt n\u00e4her erl\u00e4utern. Neue Online-Casinos Der offensichtliche Nachteil solcher Projekte ist, dass sie noch nicht von der Zeit getestet wurden. Oftmals haben zwielichtige Seiten keine popul\u00e4ren Anbieter in ihrer Slot-Auswahl. Man sollte immer Anbieter wie Pragmatic, NetEnt, Spinomenal und Yggdrasil finden k\u00f6nnen. Diese h\u00e4ngen stark von der Region ab, aus der du spielst. Andererseits sind viele der Online-Slot-Seiten vertrauensw\u00fcrdig, insbesondere jene, die unter renommierten Online-Marken gegr\u00fcndet wurden. Diese Marken ver\u00f6ffentlichen oft verschiedene Projekte, um das Auge eines Spielers zu erfreuen und eine leicht abgewandelte Form dessen anzubieten, was sie bereits geschaffen haben, indem sie die bestehenden Vorteile mit einem anderen visuellen Ansatz kombinieren. Etablierte Casino-Seiten Diese Online-Seiten gibt es schon lange und sie haben bereits in den Kreisen der Old-School-Gl\u00fccksspielfan-Gemeinschaften f\u00fcr Furore gesorgt. Warum lieben die Leute sie? Nun, es ist eine Mischung aus Erfahrung und Gl\u00fcck. Keine einzige Spielseite hat es allein durch das Anbieten gro\u00dfartiger Vorteile f\u00fcr die Spieler geschafft. Diese Projekte waren auch zur richtigen Zeit am richtigen Ort und boten etwas an, was ihre Konkurrenten zu dieser Zeit nicht anboten, oder mit Hilfe einer Marketingkampagne. Unter unserer Liste der besten Online-Casinos zum Spielen kann ein aufmerksames Auge eine Mischung aus erfahrenen und neuen Seiten erkennen \u2013 indem wir beide Typen einbeziehen, stellen wir sicher, dass kein anst\u00e4ndiges Projekt mit all seinen spielerfreundlichen Belohnungssystemen zur\u00fcckbleibt. Casino-Lizenzierung Diese Institutionen sind f\u00fcr die Regulierung des Spielprozesses und die Gew\u00e4hrleistung von Sicherheit, AML-Sicherheit (Anti-Geldw\u00e4sche) und Fairness beim Bonusspiel verantwortlich. Dies tun sie, indem sie jeden m\u00f6glichen Vorfall gr\u00fcndlich untersuchen und l\u00f6sen. In gewisser Weise fungieren diese Institutionen als Gro\u00dfe Jury des Projekts. Diese Lizenzinstitutionen existieren in verschiedenen geografischen Bereichen, daher ist es unserer Meinung nach wichtig, zuerst die popul\u00e4rste Regulierungsbeh\u00f6rde in deiner Region zu untersuchen. Sie sollte keine Informationen verschleiern und v\u00f6llig offen \u00fcber ihre Lizenznummern und die von ihr regulierten Projekte sein. Einige g\u00e4ngige Lizenzen sind Curacao und Malta \u2013 dies sind die gro\u00dfen Institutionen hinter deinen Lieblings-Casinomarken. Denke daran, dass sie in verschiedenen Regionen der Welt t\u00e4tig sind und alle ihre Eigenheiten und guten Seiten haben! Tools f\u00fcr verantwortungsbewusstes Spielen Es ist ein No-Go f\u00fcr eine seri\u00f6se Seite, verantwortungsbewusstes Spielen nicht zu f\u00f6rdern. Indem sie die wichtigsten Organisationen aufzeigen, an die man sich bei starkem Spielverlangen wenden kann. Solche Casinos haben Einzahlungs- und Transaktionslimits, die Spielern helfen, ihr Spielbudget im Voraus zu planen. Wie w\u00e4hlen wir unsere besten Slots aus? Als Casinospieler ist es unsere oberste Priorit\u00e4t, denjenigen einen Mehrwert zu bieten, die nach frischen Slots suchen, um ihr Echtgeldspiel zu beginnen. Zuerst m\u00f6chtest du vielleicht einige kostenlose Spiele (im Demo-Modus) ausprobieren \u2013 dies wird dir die Regeln und die Dinge beibringen, denen du bei anderen Titeln begegnen wirst, wie z. B. Auszahlung pro Reihe, Freispiele und Volatilit\u00e4t. Bei Euslot arbeiten wir mit vielen hoch angesehenen Marken wie Pragmatic Play, Microgaming und NetEnt zusammen. Dadurch stellen wir sicher, dass unsere Slot-Listen regelm\u00e4\u00dfig mit den neuesten Ver\u00f6ffentlichungen aktualisiert werden! In den n\u00e4chsten Abschnitten werden wir uns einige wichtige Begriffe ansehen, die du bei der Auswahl deines ersten Spiels beachten solltest. Beachte, dass dies nur Vorschl\u00e4ge sind und wir dich nicht unter Druck setzen \u2013 wir liefern lediglich einige starke Begr\u00fcndungen f\u00fcr die Befolgung dieser Muster! Spielvolatilit\u00e4t Das ist etwas, das man im Hinterkopf behalten sollte, egal ob man gerade erst anf\u00e4ngt oder bereits ein Meister der Slot-Welt ist! Volatilit\u00e4t bedeutet, einfach ausgedr\u00fcckt, wie oft du bei einem Spielautomaten Gewinne erzielst. Nur funktioniert es umgekehrt \u2013 hohe Volatilit\u00e4t bedeutet, dass du im Durchschnitt seltener gewinnst, und niedrige ist umgekehrt. Das bedeutet nicht, dass ein Spiel allein aufgrund dieses Parameters gut oder schlecht ist \u2013 denke daran, dass die Auszahlung \u00fcber die Zeit bei vielen Spieltypen unterschiedlich sein kann. Aus diesem Grund raten wir davon ab, deine Spielauswahlentscheidungen allein auf diesen Faktor zu st\u00fctzen. RTP bei Online-Slots RTP (Return To Player) ist ein Ma\u00df f\u00fcr die durchschnittliche Auszahlung eines Spiels \u00fcber die Zeit. Angenommen, der RTP des Spiels betr\u00e4gt 98 % \u2013 das bedeutet, dass es dir im Laufe der Zeit f\u00fcr jede 100 Euro, die du investierst, 98 Euro zur\u00fcckzahlt. Dies ber\u00fccksichtigt nicht, dass dieser Betrag \u00fcber k\u00fcrzere Zeitr\u00e4ume stark variieren kann. In unserer Auswahl treffen wir nur die Spiele mit dem h\u00f6chsten RTP auf dem Markt. Das bedeutet, dass die Bedingungen der Spiele maximiert sind, um den Spieler und nicht das Casino zu bevorzugen. Es ist ein einfacher Schritt \u2013 da wir selbst Slot-Enthusiasten sind, m\u00f6chten wir dir einen Mehrwert bieten! Welche Spiele soll ich spielen? Gute alte beliebte Spiele sind ein gro\u00dfartiger Ausgangspunkt. Du lernst nicht nur die Grundlagen und bekommst eine Vorstellung von den Regeln \u2013 eine wertvolle Erfahrung, besonders wenn du herausfindest, wie die Bonusstruktur funktioniert, und der angebotene Jackpot-Betrag k\u00f6nnte die Spannung durchaus erh\u00f6hen! Bei jedem Slot-Spiel kann ein Spieler normalerweise w\u00e4hlen, wie viele Linien er spielen m\u00f6chte. Je h\u00f6her die Linienanzahl, desto wahrscheinlicher ist ein Gewinn. Dies erh\u00f6ht jedoch auch den Preis pro Spin, da die Auszahlung normalerweise pro Linie erfolgt. Achte bei der Auswahl eines angesagten Casinospiels auf diese Punkte: Vorhandensein von Bonusrunden: Ber\u00fccksichtige dies, da es die Gewinnchancen erh\u00f6hen kann. Freispiele: Bietet das Spiel Freispiele an? Jackpot-Titel: K\u00f6nnte die Varianz erh\u00f6hen, aber immer noch unser pers\u00f6nlicher Favorit. Bonusrunden Dies sind zus\u00e4tzliche Spiele, die einem Spieler gew\u00e4hrt werden, nachdem eine oder mehrere erwartete Bedingungen erf\u00fcllt wurden! Diese Bedingungen k\u00f6nnen das Erscheinen eines bestimmten Symbols oder dessen Kombination, das Sammeln einer bestimmten Punktzahl oder jeder andere im \u201eInfo\u201c-Bereich festgelegte Faktor sein! Du wirst vielleicht feststellen, dass einige Spiele dem Spieler mehr davon gew\u00e4hren, w\u00e4hrend andere nur mit viel Gl\u00fcck zu entdecken sind. Dieser Faktor h\u00e4ngt davon ab, wie vielseitig die Spieler ihre Spiele haben m\u00f6chten. Zum Beispiel w\u00fcrden diejenigen, die die Menge der Preise genie\u00dfen, Big Bass Bonanza m\u00f6gen, w\u00e4hrend diejenigen, die die gro\u00dfen Auszahlungen lieben, Dead or Alive bevorzugen w\u00fcrden. Freispiele Wenn du schon l\u00e4nger Slots spielst, genie\u00dft du definitiv deine Freispiel-Drops! Diese sind immer eine nette Erg\u00e4nzung zum bereits erzielten Gewinn, und das Tolle ist, sie sind kostenlos! Wir bef\u00fcrworten nachdr\u00fccklich das Spielen dieser Art von Spielen, da sie deine Gewinnrate erh\u00f6hen k\u00f6nnen. Spiele wie Razor Shark haben dies zu einem ihrer St\u00e4rken gemacht, da die Spins jederzeit erscheinen k\u00f6nnen, wenn das Spiel es entscheidet. Das Gute ist, du musst daf\u00fcr nichts bezahlen! Was ich bei diesem Spiel mache, ist, so lange zu spielen, bis ich mindestens 10-20 Freispiele gesammelt habe, und dann genie\u00dfe ich meine kostenlosen Runden. Einige Spiele erlauben es dir, Spins f\u00fcr Bargeld zu kaufen. Zum Beispiel bei einem Spiel wie Fire in the Hole xBomb \u2013 obwohl die Spins immer noch \u201ekostenlos\u201c genannt werden, kann man sie nur im Spiel kaufen und bekommt nie einen kostenlosen Drop. Das Gute ist, diese werden teurer sein als deine regul\u00e4ren Freispiele, was potenziell h\u00f6here Gewinne landen k\u00f6nnte. Jackpot-Titel Diese Spiele sind heutzutage mit dem Aufkommen von Titeln mit hoher Volatilit\u00e4t weit verbreitet. Auch wenn sie kurzfristig nicht die gleiche Rendite haben, k\u00f6nnten sich einige Investitionen auf lange Sicht massiv auszahlen! Unter den Jackpot-Spielen, die wir lieben, hat der Titel Mega Moolah von Microgaming eine beeindruckende Arbeit geleistet, indem er viele Funktionen zeigte, die wir an diesem speziellen Spielstil lieben. Dinge wie progressive Jackpots und Jackpot-R\u00e4der versuchen, die hohe Volatilit\u00e4t auszugleichen. Spiele mit geteilten Jackpots werden besonders Spielern empfohlen, die gerade erst ihre Slot-Reise beginnen. Durch die Aufteilung des Hauptjackpots in separate Teile, wie Mini-, Major- und Mega-Jackpots, schafft der Anbieter gro\u00dfartige Bedingungen f\u00fcr jede Art von Slot-Profi. H\u00e4ufig gestellte Fragen Wie w\u00e4hlt Euslot die besten Boni und Angebote aus? Wir tun dies, indem wir alle verf\u00fcgbaren Aktionen auf dem Markt gr\u00fcndlich pr\u00fcfen und \u00fcberwachen. Unser Analystenteam trifft Entscheidungen basierend auf Faktoren wie den Allgemeinen Gesch\u00e4ftsbedingungen der Aktion, der Bonusgr\u00f6\u00dfe und den Umsatzbedingungen. Warum w\u00e4hlt ihr diese Casino-Seiten aus? Unsere Erfahrung mit Casino-Seiten hat gezeigt, dass lizenzierte Seiten, die gro\u00dfartige Aktionen und Komfort f\u00fcr den Spieler bieten, diejenigen sind, die beworben werden sollten! Das ist ein einfaches Prinzip, das wir nicht verletzen! Mit welchen Spielen sollte ich anfangen? Wenn du gerade erst anf\u00e4ngst, w\u00e4ren klassische Casinospiele ein gro\u00dfartiger Ausgangspunkt. Indem du etwas wie Starburst spielst, lernst du schnell die Regeln und bekommst ein Gef\u00fchl daf\u00fcr, wie diese Spiele funktionieren! Was sind Bonusrunden bei Slot-Spielen? Dies sind besondere Vorteile, die du zuf\u00e4llig oder nach vorher festgelegten Kriterien erh\u00e4ltst. Bedenke, dass viele Slot-Anbieter diese in ihre Struktur eingebettet haben, um die Spieler zu belohnen und den Adrenalinkick aufrechtzuerhalten! Sollte ich nach einem lizenzierten Casino suchen? Es ist vorzuziehen \u2013 die regulierten Casinos verf\u00fcgen \u00fcber viele Sicherheitsfunktionen, was bedeutet, dass deine Daten gesch\u00fctzt sind und das Gameplay von einer Regulierungsbeh\u00f6rde \u00fcberwacht wird, die au\u00dferhalb des Geltungsbereichs des Online-Casinos selbst liegt.<\/p>\n","protected":false},"author":1,"featured_media":0,"parent":0,"menu_order":0,"comment_status":"closed","ping_status":"closed","template":"","meta":{"_acf_changed":false,"footnotes":""},"class_list":["post-863","page","type-page","status-publish","hentry"],"acf":[],"_links":{"self":[{"href":"https:\/\/euslot.com\/de\/wp-json\/wp\/v2\/pages\/863","targetHints":{"allow":["GET"]}}],"collection":[{"href":"https:\/\/euslot.com\/de\/wp-json\/wp\/v2\/pages"}],"about":[{"href":"https:\/\/euslot.com\/de\/wp-json\/wp\/v2\/types\/page"}],"author":[{"embeddable":true,"href":"https:\/\/euslot.com\/de\/wp-json\/wp\/v2\/users\/1"}],"replies":[{"embeddable":true,"href":"https:\/\/euslot.com\/de\/wp-json\/wp\/v2\/comments?post=863"}],"version-history":[{"count":0,"href":"https:\/\/euslot.com\/de\/wp-json\/wp\/v2\/pages\/863\/revisions"}],"wp:attachment":[{"href":"https:\/\/euslot.com\/de\/wp-json\/wp\/v2\/media?parent=863"}],"curies":[{"name":"wp","href":"https:\/\/api.w.org\/{rel}","templated":true}]}}